{"id":993,"date":"2025-06-09T10:25:42","date_gmt":"2025-06-09T10:25:42","guid":{"rendered":"https:\/\/cleanaircentre.eu\/?page_id=993"},"modified":"2025-08-06T06:44:41","modified_gmt":"2025-08-06T06:44:41","slug":"kontakt","status":"publish","type":"page","link":"https:\/\/cleanaircentre.eu\/en\/kontakt\/","title":{"rendered":"Contact Info"},"content":{"rendered":"<div data-elementor-type=\"wp-page\" data-elementor-id=\"993\" class=\"elementor elementor-993\" data-elementor-post-type=\"page\">\n\t\t\t\t<div class=\"elementor-element elementor-element-8c6d291 header2 e-con-full e-flex e-con e-parent\" data-id=\"8c6d291\" data-element_type=\"container\" data-e-type=\"container\" data-settings=\"{&quot;background_background&quot;:&quot;classic&quot;}\">\n\t\t<div class=\"elementor-element elementor-element-ca1549b e-con-full e-flex e-con e-child\" data-id=\"ca1549b\" data-element_type=\"container\" data-e-type=\"container\">\n\t\t<div class=\"elementor-element elementor-element-a96195d e-flex e-con-boxed e-con e-child\" data-id=\"a96195d\" data-element_type=\"container\" data-e-type=\"container\">\n\t\t\t\t\t<div class=\"e-con-inner\">\n\t\t<div class=\"elementor-element elementor-element-338406a e-con-full elementor-hidden-mobile e-flex e-con e-child\" data-id=\"338406a\" data-element_type=\"container\" data-e-type=\"container\">\n\t\t\t\t<div class=\"elementor-element elementor-element-f6ba5d6 elementor-widget elementor-widget-image\" data-id=\"f6ba5d6\" data-element_type=\"widget\" data-e-type=\"widget\" data-widget_type=\"image.default\">\n\t\t\t\t<div class=\"elementor-widget-container\">\n\t\t\t\t\t\t\t\t\t\t\t\t\t\t\t<img fetchpriority=\"high\" decoding=\"async\" width=\"1400\" height=\"946\" src=\"https:\/\/cleanaircentre.eu\/wp-content\/uploads\/2025\/06\/Group-19.png\" class=\"attachment-full size-full wp-image-1005\" alt=\"\" srcset=\"https:\/\/cleanaircentre.eu\/wp-content\/uploads\/2025\/06\/Group-19.png 1400w, https:\/\/cleanaircentre.eu\/wp-content\/uploads\/2025\/06\/Group-19-300x203.png 300w, https:\/\/cleanaircentre.eu\/wp-content\/uploads\/2025\/06\/Group-19-1024x692.png 1024w, https:\/\/cleanaircentre.eu\/wp-content\/uploads\/2025\/06\/Group-19-768x519.png 768w\" sizes=\"(max-width: 1400px) 100vw, 1400px\" \/>\t\t\t\t\t\t\t\t\t\t\t\t\t\t\t<\/div>\n\t\t\t\t<\/div>\n\t\t\t\t<\/div>\n\t\t<div class=\"elementor-element elementor-element-5f37a38 e-con-full e-flex e-con e-child\" data-id=\"5f37a38\" data-element_type=\"container\" data-e-type=\"container\">\n\t\t\t\t<div class=\"elementor-element elementor-element-7104da5 elementor-widget__width-inherit elementor-invisible elementor-widget elementor-widget-heading\" data-id=\"7104da5\" data-element_type=\"widget\" data-e-type=\"widget\" data-settings=\"{&quot;_animation&quot;:&quot;fadeInRight&quot;,&quot;_animation_delay&quot;:100}\" data-widget_type=\"heading.default\">\n\t\t\t\t<div class=\"elementor-widget-container\">\n\t\t\t\t\t<h1 class=\"elementor-heading-title elementor-size-default\">Contact Info<\/h1>\t\t\t\t<\/div>\n\t\t\t\t<\/div>\n\t\t\t\t<div class=\"elementor-element elementor-element-2d2a817 elementor-invisible elementor-widget elementor-widget-text-editor\" data-id=\"2d2a817\" data-element_type=\"widget\" data-e-type=\"widget\" data-settings=\"{&quot;_animation&quot;:&quot;fadeInRight&quot;,&quot;_animation_delay&quot;:500}\" data-widget_type=\"text-editor.default\">\n\t\t\t\t<div class=\"elementor-widget-container\">\n\t\t\t\t\t\t\t\t\t<p>The European Clean <br \/>Air Centre (Foundation)<br \/>Marsza\u0142kowska 58\/15 street<br \/>00-545 Warsaw (Poland)<\/p><p><span style=\"color: #93cf81;\"><a style=\"color: #93cf81;\" href=\"mailto:office@cleanaircentre.eu\">office@cleanaircentre.eu<\/a><\/span><\/p>\t\t\t\t\t\t\t\t<\/div>\n\t\t\t\t<\/div>\n\t\t\t\t<div class=\"elementor-element elementor-element-32664d5 elementor-invisible elementor-widget elementor-widget-heading\" data-id=\"32664d5\" data-element_type=\"widget\" data-e-type=\"widget\" data-settings=\"{&quot;_animation&quot;:&quot;fadeInRight&quot;,&quot;_animation_delay&quot;:700}\" data-widget_type=\"heading.default\">\n\t\t\t\t<div class=\"elementor-widget-container\">\n\t\t\t\t\t<span class=\"elementor-heading-title elementor-size-default\">Keep up with us<\/span>\t\t\t\t<\/div>\n\t\t\t\t<\/div>\n\t\t\t\t<div class=\"elementor-element elementor-element-4a28951 elementor-invisible elementor-widget elementor-widget-text-editor\" data-id=\"4a28951\" data-element_type=\"widget\" data-e-type=\"widget\" data-settings=\"{&quot;_animation&quot;:&quot;fadeInRight&quot;,&quot;_animation_delay&quot;:900}\" data-widget_type=\"text-editor.default\">\n\t\t\t\t<div class=\"elementor-widget-container\">\n\t\t\t\t\t\t\t\t\t<p>Always be in the know<br \/>by tracking our social media accounts:<\/p>\t\t\t\t\t\t\t\t<\/div>\n\t\t\t\t<\/div>\n\t\t\t\t<div class=\"elementor-element elementor-element-ab92dba e-grid-align-left elementor-shape-rounded elementor-grid-0 elementor-invisible elementor-widget elementor-widget-social-icons\" data-id=\"ab92dba\" data-element_type=\"widget\" data-e-type=\"widget\" data-settings=\"{&quot;_animation&quot;:&quot;fadeInRight&quot;,&quot;_animation_delay&quot;:1100}\" data-widget_type=\"social-icons.default\">\n\t\t\t\t<div class=\"elementor-widget-container\">\n\t\t\t\t\t\t\t<div class=\"elementor-social-icons-wrapper elementor-grid\" role=\"list\">\n\t\t\t\t\t\t\t<span class=\"elementor-grid-item\" role=\"listitem\">\n\t\t\t\t\t<a class=\"elementor-icon elementor-social-icon elementor-social-icon- elementor-animation-grow elementor-repeater-item-a0fd2da\" href=\"https:\/\/www.facebook.com\/profile.php?id=61571864660068\" target=\"_blank\" rel=\"nofollow noopener\">\n\t\t\t\t\t\t<span class=\"elementor-screen-only\"><\/span>\n\t\t\t\t\t\t<svg xmlns=\"http:\/\/www.w3.org\/2000\/svg\" width=\"28\" height=\"28\" viewbox=\"0 0 28 28\" fill=\"none\"><path d=\"M13.5539 0C10.8732 0 8.25267 0.79492 6.02374 2.28424C3.79482 3.77355 2.05759 5.89038 1.03173 8.36702C0.00587264 10.8437 -0.262539 13.5689 0.26044 16.1981C0.783418 18.8273 2.0743 21.2423 3.96984 23.1379C5.86538 25.0334 8.28045 26.3243 10.9096 26.8473C13.5388 27.3703 16.2641 27.1019 18.7407 26.076C21.2173 25.0501 23.3342 23.3129 24.8235 21.084C26.3128 18.8551 27.1077 16.2346 27.1077 13.5539C27.1077 9.95915 25.6797 6.51168 23.1379 3.96983C20.596 1.42799 17.1486 0 13.5539 0ZM16.9887 12.2698L16.764 14.1584C16.7543 14.2461 16.7125 14.327 16.6466 14.3856C16.5807 14.4443 16.4955 14.4764 16.4073 14.4759H14.4456V20.0758C14.446 20.1426 14.4201 20.207 14.3733 20.2547C14.3265 20.3025 14.2627 20.3299 14.1959 20.3308H12.1985C12.1652 20.3303 12.1324 20.3233 12.1018 20.3102C12.0713 20.297 12.0436 20.278 12.0204 20.2541C11.9973 20.2303 11.979 20.2021 11.9667 20.1712C11.9544 20.1403 11.9483 20.1072 11.9488 20.074L11.9595 14.4759H10.4739C10.3793 14.4759 10.2886 14.4383 10.2217 14.3714C10.1548 14.3045 10.1172 14.2138 10.1172 14.1192V12.2324C10.1172 12.1378 10.1548 12.047 10.2217 11.9801C10.2886 11.9133 10.3793 11.8757 10.4739 11.8757H11.9488V10.0459C11.9488 7.92901 13.2097 6.77693 15.0519 6.77693H16.5625C16.6571 6.77693 16.7478 6.81451 16.8147 6.8814C16.8816 6.94829 16.9191 7.03901 16.9191 7.13361V8.72262C16.9191 8.81722 16.8816 8.90794 16.8147 8.97483C16.7478 9.04173 16.6571 9.0793 16.5625 9.0793H15.6369C14.6346 9.09535 14.4456 9.57509 14.4456 10.292V11.8703H16.6427C16.6925 11.8715 16.7415 11.883 16.7865 11.9042C16.8315 11.9254 16.8716 11.9558 16.9042 11.9934C16.9368 12.031 16.9612 12.0751 16.9757 12.1227C16.9903 12.1703 16.9947 12.2204 16.9887 12.2698Z\" fill=\"#045278\"><\/path><\/svg>\t\t\t\t\t<\/a>\n\t\t\t\t<\/span>\n\t\t\t\t\t\t\t<span class=\"elementor-grid-item\" role=\"listitem\">\n\t\t\t\t\t<a class=\"elementor-icon elementor-social-icon elementor-social-icon- elementor-animation-grow elementor-repeater-item-f75f93a\" href=\"https:\/\/www.linkedin.com\/company\/ecac-pl\" target=\"_blank\" rel=\"nofollow noopener\">\n\t\t\t\t\t\t<span class=\"elementor-screen-only\"><\/span>\n\t\t\t\t\t\t<svg xmlns=\"http:\/\/www.w3.org\/2000\/svg\" width=\"27\" height=\"27\" viewbox=\"0 0 27 27\" fill=\"none\"><rect width=\"27\" height=\"27\" rx=\"13.5\" fill=\"#045278\"><\/rect><path d=\"M6.75 8.37113C6.75 7.47619 7.47619 6.75 8.37113 6.75C9.2655 6.75 9.99169 7.47619 9.99225 8.37113C9.99225 9.26606 9.26606 10.0074 8.37113 10.0074C7.47619 10.0074 6.75 9.26606 6.75 8.37113Z\" fill=\"#E8F6FD\"><\/path><path d=\"M20.2466 20.25L20.25 20.2494V15.2983C20.25 12.8762 19.7286 11.0104 16.8969 11.0104C15.5357 11.0104 14.6222 11.7574 14.2492 12.4656H14.2099V11.2365H11.5251V20.2494H14.3207V15.7866C14.3207 14.6115 14.5434 13.4752 15.9986 13.4752C17.4324 13.4752 17.4538 14.8162 17.4538 15.8619V20.25H20.2466Z\" fill=\"#E8F6FD\"><\/path><path d=\"M6.97287 11.2371H9.77187V20.25H6.97287V11.2371Z\" fill=\"#E8F6FD\"><\/path><\/svg>\t\t\t\t\t<\/a>\n\t\t\t\t<\/span>\n\t\t\t\t\t<\/div>\n\t\t\t\t\t\t<\/div>\n\t\t\t\t<\/div>\n\t\t\t\t<\/div>\n\t\t\t\t\t<\/div>\n\t\t\t\t<\/div>\n\t\t\t\t<\/div>\n\t\t\t\t<\/div>\n\t\t<div class=\"elementor-element elementor-element-3847e90 e-flex e-con-boxed e-con e-parent\" data-id=\"3847e90\" data-element_type=\"container\" data-e-type=\"container\">\n\t\t\t\t\t<div class=\"e-con-inner\">\n\t\t\t\t<div class=\"elementor-element elementor-element-0996baf elementor-invisible elementor-widget elementor-widget-heading\" data-id=\"0996baf\" data-element_type=\"widget\" data-e-type=\"widget\" data-settings=\"{&quot;_animation&quot;:&quot;fadeInUp&quot;,&quot;_animation_delay&quot;:200}\" data-widget_type=\"heading.default\">\n\t\t\t\t<div class=\"elementor-widget-container\">\n\t\t\t\t\t<span class=\"elementor-heading-title elementor-size-default\">Get in touch with us<\/span>\t\t\t\t<\/div>\n\t\t\t\t<\/div>\n\t\t\t\t<div class=\"elementor-element elementor-element-4fc0813 elementor-invisible elementor-widget elementor-widget-heading\" data-id=\"4fc0813\" data-element_type=\"widget\" data-e-type=\"widget\" data-settings=\"{&quot;_animation&quot;:&quot;fadeInUp&quot;,&quot;_animation_delay&quot;:400}\" data-widget_type=\"heading.default\">\n\t\t\t\t<div class=\"elementor-widget-container\">\n\t\t\t\t\t<span class=\"elementor-heading-title elementor-size-default\">Looking for more information? <br>We\u2019re here for you.<\/span>\t\t\t\t<\/div>\n\t\t\t\t<\/div>\n\t\t\t\t<div class=\"elementor-element elementor-element-f0273f6 elementor-align-center elementor-icon-list--layout-traditional elementor-list-item-link-full_width elementor-invisible elementor-widget elementor-widget-icon-list\" data-id=\"f0273f6\" data-element_type=\"widget\" data-e-type=\"widget\" data-settings=\"{&quot;_animation&quot;:&quot;fadeInUp&quot;,&quot;_animation_delay&quot;:600}\" data-widget_type=\"icon-list.default\">\n\t\t\t\t<div class=\"elementor-widget-container\">\n\t\t\t\t\t\t\t<ul class=\"elementor-icon-list-items\">\n\t\t\t\t\t\t\t<li class=\"elementor-icon-list-item\">\n\t\t\t\t\t\t\t\t\t\t\t<a href=\"mailto:office@cleanaircentre.eu\">\n\n\t\t\t\t\t\t\t\t\t\t\t\t<span class=\"elementor-icon-list-icon\">\n\t\t\t\t\t\t\t<svg xmlns=\"http:\/\/www.w3.org\/2000\/svg\" width=\"36\" height=\"33\" viewbox=\"0 0 36 33\" fill=\"none\"><path d=\"M25.5551 0C31.3165 0.0175781 35.9824 4.71797 36 10.5223V13.1527L35.988 13.3263C35.9477 13.6327 35.7975 13.9141 35.5654 14.1182C35.3333 14.3222 35.035 14.4351 34.7259 14.4359L34.7105 14.4035L34.5101 14.3873C34.2435 14.3452 33.9973 14.2193 33.807 14.028C33.5677 13.7865 33.4335 13.4603 33.4336 13.1203V10.5223C33.3935 6.15516 29.8898 2.62969 25.5551 2.58258H10.4449C6.11016 2.62969 2.60648 6.15516 2.56359 10.5223V21.8777C2.60648 26.2448 6.11016 29.7738 10.4449 29.8174H25.5551C29.8898 29.7738 33.3935 26.2448 33.4364 21.8777C33.4696 21.5609 33.619 21.2677 33.8557 21.0545C34.0924 20.8413 34.3997 20.7234 34.7182 20.7234C35.0367 20.7234 35.344 20.8413 35.5807 21.0545C35.8174 21.2677 35.9668 21.5609 36 21.8777C35.9824 27.682 31.3165 32.3824 25.5551 32.4H10.4449C4.68 32.3909 0.0084375 27.6855 0 21.8777V10.5223C0 4.71094 4.67648 0 10.4449 0H25.5551ZM7.73016 9.6968C7.89636 9.67905 8.06443 9.6948 8.22445 9.74311C8.38447 9.79141 8.53318 9.8713 8.6618 9.97805L16.1452 15.9448C16.5983 16.3037 17.1593 16.499 17.7374 16.499C18.3154 16.499 18.8765 16.3037 19.3296 15.9448L26.7335 9.97805H26.749L26.9051 9.87047C27.1847 9.71215 27.5135 9.66473 27.8265 9.73762C28.1394 9.8105 28.4134 9.99837 28.5943 10.2639C28.7751 10.5295 28.8495 10.8533 28.8027 11.1712C28.7559 11.4891 28.5913 11.7777 28.3416 11.9798L20.9377 17.9627C20.0263 18.7033 18.8878 19.1076 17.7135 19.1076C16.5392 19.1076 15.4006 18.7033 14.4893 17.9627L7.06922 11.9813L6.92859 11.8505C6.72312 11.6214 6.6051 11.3272 6.59532 11.0196C6.58555 10.7121 6.68465 10.4109 6.87516 10.1693C6.97874 10.0373 7.10781 9.92741 7.25468 9.84624C7.40156 9.76507 7.56325 9.71425 7.73016 9.6968Z\" fill=\"#93CF81\"><\/path><\/svg>\t\t\t\t\t\t<\/span>\n\t\t\t\t\t\t\t\t\t\t<span class=\"elementor-icon-list-text\">office@cleanaircentre.eu<\/span>\n\t\t\t\t\t\t\t\t\t\t\t<\/a>\n\t\t\t\t\t\t\t\t\t<\/li>\n\t\t\t\t\t\t<\/ul>\n\t\t\t\t\t\t<\/div>\n\t\t\t\t<\/div>\n\t\t\t\t\t<\/div>\n\t\t\t\t<\/div>\n\t\t\t\t<\/div>","protected":false},"excerpt":{"rendered":"<p>Fundacja Europejskie Centrum Czystego Powietrzaul. Marsza\u0142kowska 58\/1500-545 Warszawa office@cleanaircentre.eu Obserwuj nas B\u0105d\u017a&nbsp;zawsze na&nbsp;bie\u017c\u0105co\u015bledz\u0105c nasze social media Skontaktuj si\u0119 z&nbsp;nami Chcesz wiedzie\u0107 wi\u0119cej? Jeste\u015bmy tu dla&nbsp;Ciebie. office@cleanaircentre.eu<\/p>","protected":false},"author":1,"featured_media":0,"parent":0,"menu_order":0,"comment_status":"closed","ping_status":"closed","template":"","meta":{"_acf_changed":false,"inline_featured_image":false,"site-sidebar-layout":"no-sidebar","site-content-layout":"","ast-site-content-layout":"full-width-container","site-content-style":"default","site-sidebar-style":"default","ast-global-header-display":"","ast-banner-title-visibility":"","ast-main-header-display":"","ast-hfb-above-header-display":"","ast-hfb-below-header-display":"","ast-hfb-mobile-header-display":"","site-post-title":"disabled","ast-breadcrumbs-content":"","ast-featured-img":"disabled","footer-sml-layout":"","ast-disable-related-posts":"","theme-transparent-header-meta":"","adv-header-id-meta":"","stick-header-meta":"","header-above-stick-meta":"","header-main-stick-meta":"","header-below-stick-meta":"","astra-migrate-meta-layouts":"default","ast-page-background-enabled":"default","ast-page-background-meta":{"desktop":{"background-color":"var(--ast-global-color-4)","background-image":"","background-repeat":"repeat","background-position":"center center","background-size":"auto","background-attachment":"scroll","background-type":"","background-media":"","overlay-type":"","overlay-color":"","overlay-opacity":"","overlay-gradient":""},"tablet":{"background-color":"","background-image":"","background-repeat":"repeat","background-position":"center center","background-size":"auto","background-attachment":"scroll","background-type":"","background-media":"","overlay-type":"","overlay-color":"","overlay-opacity":"","overlay-gradient":""},"mobile":{"background-color":"","background-image":"","background-repeat":"repeat","background-position":"center center","background-size":"auto","background-attachment":"scroll","background-type":"","background-media":"","overlay-type":"","overlay-color":"","overlay-opacity":"","overlay-gradient":""}},"ast-content-background-meta":{"desktop":{"background-color":"var(--ast-global-color-5)","background-image":"","background-repeat":"repeat","background-position":"center center","background-size":"auto","background-attachment":"scroll","background-type":"","background-media":"","overlay-type":"","overlay-color":"","overlay-opacity":"","overlay-gradient":""},"tablet":{"background-color":"var(--ast-global-color-5)","background-image":"","background-repeat":"repeat","background-position":"center center","background-size":"auto","background-attachment":"scroll","background-type":"","background-media":"","overlay-type":"","overlay-color":"","overlay-opacity":"","overlay-gradient":""},"mobile":{"background-color":"var(--ast-global-color-5)","background-image":"","background-repeat":"repeat","background-position":"center center","background-size":"auto","background-attachment":"scroll","background-type":"","background-media":"","overlay-type":"","overlay-color":"","overlay-opacity":"","overlay-gradient":""}},"footnotes":""},"class_list":["post-993","page","type-page","status-publish","hentry"],"acf":[],"_links":{"self":[{"href":"https:\/\/cleanaircentre.eu\/en\/wp-json\/wp\/v2\/pages\/993","targetHints":{"allow":["GET"]}}],"collection":[{"href":"https:\/\/cleanaircentre.eu\/en\/wp-json\/wp\/v2\/pages"}],"about":[{"href":"https:\/\/cleanaircentre.eu\/en\/wp-json\/wp\/v2\/types\/page"}],"author":[{"embeddable":true,"href":"https:\/\/cleanaircentre.eu\/en\/wp-json\/wp\/v2\/users\/1"}],"replies":[{"embeddable":true,"href":"https:\/\/cleanaircentre.eu\/en\/wp-json\/wp\/v2\/comments?post=993"}],"version-history":[{"count":29,"href":"https:\/\/cleanaircentre.eu\/en\/wp-json\/wp\/v2\/pages\/993\/revisions"}],"predecessor-version":[{"id":1303,"href":"https:\/\/cleanaircentre.eu\/en\/wp-json\/wp\/v2\/pages\/993\/revisions\/1303"}],"wp:attachment":[{"href":"https:\/\/cleanaircentre.eu\/en\/wp-json\/wp\/v2\/media?parent=993"}],"curies":[{"name":"wp","href":"https:\/\/api.w.org\/{rel}","templated":true}]}}