{"id":3,"date":"2023-12-13T22:29:16","date_gmt":"2023-12-13T22:29:16","guid":{"rendered":"https:\/\/cleanaircentre.eu\/?page_id=3"},"modified":"2025-11-26T13:58:51","modified_gmt":"2025-11-26T13:58:51","slug":"polityka-prywatnosci","status":"publish","type":"page","link":"https:\/\/cleanaircentre.eu\/en\/polityka-prywatnosci\/","title":{"rendered":"Privacy Policy"},"content":{"rendered":"<div data-elementor-type=\"wp-page\" data-elementor-id=\"3\" class=\"elementor elementor-3\" data-elementor-post-type=\"page\">\n\t\t\t\t<div class=\"elementor-element elementor-element-6ca86088 e-flex e-con-boxed e-con e-parent\" data-id=\"6ca86088\" data-element_type=\"container\" data-e-type=\"container\">\n\t\t\t\t\t<div class=\"e-con-inner\">\n\t\t\t\t<div class=\"elementor-element elementor-element-a8e1798 elementor-widget elementor-widget-heading\" data-id=\"a8e1798\" data-element_type=\"widget\" data-e-type=\"widget\" data-widget_type=\"heading.default\">\n\t\t\t\t<div class=\"elementor-widget-container\">\n\t\t\t\t\t<h1 class=\"elementor-heading-title elementor-size-default\">Privacy Policy<\/h1>\t\t\t\t<\/div>\n\t\t\t\t<\/div>\n\t\t\t\t<div class=\"elementor-element elementor-element-14d278e0 elementor-widget elementor-widget-text-editor\" data-id=\"14d278e0\" data-element_type=\"widget\" data-e-type=\"widget\" data-widget_type=\"text-editor.default\">\n\t\t\t\t<div class=\"elementor-widget-container\">\n\t\t\t\t\t\t\t\t\t<p><span style=\"font-weight: 400;\">25 maja 2018 roku wesz\u0142o w&nbsp;\u017cycie <strong>europejskie rozporz\u0105dzenie dotycz\u0105ce ochrony danych osobowych<\/strong> (Rozporz\u0105dzenie Parlamentu Europejskiego i&nbsp;Rady (UE) 2016\/679 z&nbsp;dnia 27.04.2016r. w&nbsp;sprawie ochrony os\u00f3b fizycznych w&nbsp;zwi\u0105zku z&nbsp;przetwarzaniem danych osobowych i&nbsp;w sprawie swobodnego przep\u0142ywu takich danych oraz&nbsp;uchylenia dyrektywy 95\/46\/WE, \u201eRODO\u201d) w&nbsp;zwi\u0105zku z&nbsp;czym chcieliby\u015bmy Pa\u0144stwa zapewni\u0107, \u017ce&nbsp;przetwarzane przez&nbsp;nas dane osobowe s\u0105 bezpieczne oraz&nbsp;poinformowa\u0107 o&nbsp;przys\u0142uguj\u0105cych Pa\u0144stwu uprawnieniach.<\/span><\/p>\n<p><span style=\"font-weight: 400;\">Na&nbsp;tej stronie znajd\u0105 Pa\u0144stwo informacje o&nbsp;podstawach prawnych przetwarzania\u00a0 danych osobowych, sposobach ich zbierania i&nbsp;wykorzystywania, a&nbsp;tak\u017ce o&nbsp;prawach podmiot\u00f3w danych z&nbsp;tym zwi\u0105zanych.<\/span><\/p>\n<p><span style=\"font-weight: 400;\">Wype\u0142niaj\u0105c obowi\u0105zek wynikaj\u0105cy z&nbsp;art. 13 RODO przekazujemy szczeg\u00f3\u0142owe informacje dotycz\u0105ce przetwarzania przez&nbsp;Fundacj\u0119 Europejskie Centrum Czystego Powietrza danych osobowych, nast\u0119puj\u0105cych kategorii os\u00f3b:<\/span><\/p>\n<p><strong>UCZESTNICY WYDARZE\u0143 ONLINE<\/strong><\/p>\n<p><span style=\"text-decoration: underline;\"><span style=\"font-weight: 400;\">Administrator danych osobowych<\/span><\/span><\/p>\n<p><span style=\"font-weight: 400;\">Administratorem Twoich danych osobowych jest Fundacja Europejskie Centrum Czystego Powietrza z&nbsp;siedzib\u0105 w&nbsp;Krakowie (dalej: my). Mo\u017cesz si\u0119 z&nbsp;nami skontaktowa\u0107 w&nbsp;nast\u0119puj\u0105cy spos\u00f3b:<\/span><\/p>\n<ul>\n<li><span style=\"font-weight: 400;\">listownie na&nbsp;adres: ul. Karmelicka 14\/5, 31-128 Krak\u00f3w<\/span><\/li>\n<li><span style=\"font-weight: 400;\">przez&nbsp;e-mail: office@cleanaircentre.eu<\/span><\/li>\n<\/ul>\n<p><span style=\"font-weight: 400;\">Zakres danych, cele oraz&nbsp;podstawa prawna przetwarzania: <\/span><span style=\"font-weight: 400;\">Imi\u0119, nazwisko, dane kontaktowe, wizerunek oraz&nbsp;przynale\u017cno\u015b\u0107 do&nbsp;organizacji s\u0105 przetwarzane w&nbsp;celu realizacji za\u0142o\u017ce\u0144 projekt\u00f3w oraz&nbsp;w&nbsp;celach organizacyjnych (logistyka wydarze\u0144).<\/span><\/p>\n<p><span style=\"font-weight: 400;\">Podstaw\u0105 prawn\u0105 przetwarzania tych danych osobowych jest Twoja zgoda na&nbsp;przetwarzanie podanych danych osobowych, wyra\u017cona w&nbsp;trakcie rejestracji.<\/span><\/p>\n<p><span style=\"text-decoration: underline;\">Okres przechowywania danych osobowych<\/span><\/p>\n<p><span style=\"font-weight: 400;\">B\u0119dziemy przechowywa\u0107 Twoje dane osobowe przez&nbsp;10 lat zgodnie z&nbsp;postanowieniem regulaminu projektu, z&nbsp;kt\u00f3rego finansujemy to wydarzenie. Je\u015bli wydarzenie nie jest finansowane z&nbsp;projektu, usuniemy Twoje dane zaraz po&nbsp;jego zako\u0144czeniu.<\/span><\/p>\n<p><span style=\"font-weight: 400;\">Po&nbsp;tym momencie zostan\u0105 one usuni\u0119te zar\u00f3wno przez&nbsp;nas, jak i&nbsp;przez wszystkie podmioty przetwarzaj\u0105ce, kt\u00f3rym je przekazali\u015bmy.<\/span><\/p>\n<p><span style=\"text-decoration: underline;\">Odbiorcy danych<\/span><\/p>\n<p><span style=\"font-weight: 400;\">Dane przetwarzamy jedynie na&nbsp;sw\u00f3j u\u017cytek, jednak&nbsp;korzystamy przy&nbsp;tym z&nbsp;us\u0142ug :<\/span><\/p>\n<ul>\n<li><span style=\"font-weight: 400;\">Google meets, Teams, Zoom<\/span><\/li>\n<li><span style=\"font-weight: 400;\">G Suite, kt\u00f3rzy s\u0105 odbiorcami w&nbsp;\u015bwietle prawa.<\/span><\/li>\n<li><span style=\"font-weight: 400;\">G Suite, Google meet, Teams, Zoom b\u0119d\u0105c podmiotami przetwarzaj\u0105cymi dzia\u0142aj\u0105 na&nbsp;podstawie umowy z&nbsp;nami i&nbsp;przetwarzaj\u0105 dane tylko zgodnie z&nbsp;naszymi poleceniami.<\/span><\/li>\n<\/ul>\n<p><span style=\"font-weight: 400;\">Twoje dane osobowe przechowujemy na&nbsp;serwerach znajduj\u0105cych si\u0119 na&nbsp;terenie Unii Europejskiej i&nbsp;nie przekazujemy ich poza jej granice.<\/span><\/p>\n<p><span style=\"text-decoration: underline;\">Twoje prawa<\/span><\/p>\n<p><span style=\"font-weight: 400;\">Przys\u0142uguj\u0105 Ci nast\u0119puj\u0105ce prawa zwi\u0105zane z&nbsp;przetwarzaniem danych osobowych:<\/span><\/p>\n<ul>\n<li><span style=\"font-weight: 400;\">prawo dost\u0119pu do&nbsp;Twoich danych osobowych zgodnie z&nbsp;art. 15 RODO;<\/span><\/li>\n<li><span style=\"font-weight: 400;\">prawo \u017c\u0105dania sprostowania Twoich danych osobowych zgodnie z&nbsp;art. 16 RODO;<\/span><\/li>\n<li><span style=\"font-weight: 400;\">prawo \u017c\u0105dania usuni\u0119cia Twoich danych osobowych zgodnie z&nbsp;art. 17 RODO. Usuni\u0119cie tych danych jest mo\u017cliwe tylko wtedy, kiedy nie istniej\u0105 podstawy prawne uprawniaj\u0105ce Nas do&nbsp;dalszego ich przetwarzania;<\/span><\/li>\n<li><span style=\"font-weight: 400;\">prawo \u017c\u0105dania ograniczenia przetwarzania Twoich danych osobowych zgodnie z&nbsp;art. 18 RODO;<\/span><\/li>\n<li><span style=\"font-weight: 400;\">prawo do&nbsp;wycofania zgody zgodnie z&nbsp;art. 7 RODO. Masz prawo wycofania zgody na&nbsp;przetwarzanie danych w&nbsp;dowolnym momencie, przy&nbsp;czym nie ma to wp\u0142ywu na&nbsp;zgodno\u015b\u0107 z&nbsp;prawem przetwarzania, kt\u00f3rego dokonano na&nbsp;podstawie Twojej zgody przed jej wycofaniem.<\/span><\/li>\n<\/ul>\n<p><span style=\"font-weight: 400;\">Aby&nbsp;skorzysta\u0107 z&nbsp;powy\u017cszych praw, skontaktuj si\u0119 z&nbsp;nami.<\/span><\/p>\n<p><span style=\"text-decoration: underline;\"><span style=\"font-weight: 400;\">Prawo wniesienia skargi do&nbsp;organu<\/span><\/span><\/p>\n<p><span style=\"font-weight: 400;\">Przys\u0142uguje Ci tak\u017ce prawo wniesienia skargi do&nbsp;organu nadzorczego zajmuj\u0105cego si\u0119 ochron\u0105 danych osobowych, tj. Prezesa Urz\u0119du Ochrony Danych Osobowych, ul. Stawki 2 00-193 Warszawa.<\/span><\/p>\n<p><strong>PRACOWNICY I&nbsp;KONTRAHENCI (UMOWA O&nbsp;PRAC\u0118, ZLECENIE, DZIE\u0141O)<\/strong><\/p>\n<ol>\n<li><span style=\"font-weight: 400;\"> Administrator danych osobowych<\/span><\/li>\n<\/ol>\n<p><span style=\"font-weight: 400;\">Administratorem Twoich danych osobowych jest Fundacja Europejskie Centrum Czystego Powietrza z&nbsp;siedzib\u0105 w&nbsp;Krakowie (dalej: my). Mo\u017cesz si\u0119 z&nbsp;nami skontaktowa\u0107 w&nbsp;nast\u0119puj\u0105cy spos\u00f3b:<\/span><\/p>\n<ul>\n<li><span style=\"font-weight: 400;\">listownie na&nbsp;adres: ul. Karmelicka 14\/5, 31-128 Krak\u00f3w<\/span><\/li>\n<li><span style=\"font-weight: 400;\">przez&nbsp;e-mail: office@cleanaircentre.eu<\/span><\/li>\n<\/ul>\n<ol start=\"2\">\n<li><span style=\"font-weight: 400;\"> Cele przetwarzania oraz&nbsp;podstawa prawna przetwarzania<\/span><\/li>\n<\/ol>\n<p><span style=\"font-weight: 400;\">B\u0119dziemy przetwarza\u0107 Twoje dane osobowe, aby:<\/span><\/p>\n<ul>\n<li><span style=\"font-weight: 400;\">wype\u0142nia\u0107 ci\u0105\u017c\u0105ce na&nbsp;Nas zobowi\u0105zania podatkowe i&nbsp;ubezpieczeniowe;<\/span><\/li>\n<li><span style=\"font-weight: 400;\">realizowa\u0107 umow\u0119.<\/span><\/li>\n<\/ul>\n<p><span style=\"font-weight: 400;\">Podstaw\u0105 prawn\u0105 przetwarzania Twoich danych osobowych jest:<\/span><\/p>\n<ul>\n<li><span style=\"font-weight: 400;\">w&nbsp;przypadku umowy o&nbsp;prac\u0119: art. 221 Kodeksu pracy,<\/span><\/li>\n<li><span style=\"font-weight: 400;\">w&nbsp;przypadku um\u00f3w\u00a0 cywilnoprawnych (umowa zlecenia, o&nbsp;dzie\u0142o): przetwarzanie jest niezb\u0119dne do&nbsp;wykonania umowy, kt\u00f3rej jeste\u015b stron\u0105,<\/span><\/li>\n<\/ul>\n<p><span style=\"font-weight: 400;\">Twoja zgoda na&nbsp;podanie dodatkowych informacji (np. zdj\u0119cia).<\/span><\/p>\n<ol start=\"3\">\n<li><span style=\"font-weight: 400;\"> Okres przechowywania danych osobowych<\/span><\/li>\n<\/ol>\n<p><span style=\"font-weight: 400;\">B\u0119dziemy przechowywa\u0107 Twoje dane osobowe przez:<\/span><\/p>\n<ul>\n<li><span style=\"font-weight: 400;\">w&nbsp;przypadku umowy o&nbsp;prac\u0119: 50 lat zgodnie z&nbsp;art. 51u ust. 1 o&nbsp;narodowym zasobie archiwalnym i&nbsp;archiwach,<\/span><\/li>\n<li><span style=\"font-weight: 400;\">w&nbsp;przypadku um\u00f3w cywilnoprawnych: co najmniej 5 lat zgodnie z&nbsp;art. 74 ust. 7 ustawy o&nbsp;rachunkowo\u015bci oraz&nbsp;przez okres wynikaj\u0105cy z&nbsp;regulaminu projektu, je\u015bli bierzesz w&nbsp;nim udzia\u0142.<\/span><\/li>\n<\/ul>\n<p><span style=\"font-weight: 400;\">Po&nbsp;tym momencie zostan\u0105 one usuni\u0119te zar\u00f3wno przez&nbsp;nas, jak i&nbsp;przez wszystkie podmioty przetwarzaj\u0105ce, kt\u00f3rym je przekazali\u015bmy.<\/span><\/p>\n<ol start=\"4\">\n<li><span style=\"font-weight: 400;\"> Odbiorcy danych<\/span><\/li>\n<\/ol>\n<p><span style=\"font-weight: 400;\">B\u0119dziemy przekazywa\u0107 Twoje dane osobowe wy\u0142\u0105cznie:<\/span><\/p>\n<ul>\n<li><span style=\"font-weight: 400;\">naszym dostawcom, kt\u00f3rym zlecimy us\u0142ugi zwi\u0105zane z&nbsp;przetwarzaniem danych osobowych, np.&nbsp;dostawcom us\u0142ug IT, w&nbsp;zakresie przechowywania danych. Takie podmioty przetwarzaj\u0105 dane na&nbsp;podstawie umowy z&nbsp;nami i&nbsp;tylko zgodnie z&nbsp;naszymi poleceniami,<\/span><\/li>\n<li><span style=\"font-weight: 400;\">urz\u0119dom i&nbsp;organom publicznym zgodnie z&nbsp;ci\u0105\u017c\u0105cymi na&nbsp;Nas obowi\u0105zkami\u00a0 publicznoprawnymi,<\/span><\/li>\n<li><span style=\"font-weight: 400;\">bankom w&nbsp;zwi\u0105zku z&nbsp;wyp\u0142at\u0105 wynagrodzenia,<\/span><\/li>\n<li><span style=\"font-weight: 400;\">przychodni medycyny pracy,<\/span><\/li>\n<li><span style=\"font-weight: 400;\">do&nbsp;biura rachunkowego zapewniaj\u0105cego ci\u0105g\u0142\u0105 obs\u0142ug\u0119 ksi\u0119gow\u0105.<\/span><\/li>\n<\/ul>\n<p><span style=\"font-weight: 400;\">Twoje dane osobowe przechowujemy na&nbsp;serwerach znajduj\u0105cych si\u0119 na&nbsp;terenie Unii Europejskiej i&nbsp;nie przekazujemy ich poza jej granice.<\/span><\/p>\n<ol start=\"5\">\n<li><span style=\"font-weight: 400;\"> Twoje prawa<\/span><\/li>\n<\/ol>\n<p><span style=\"font-weight: 400;\">Przys\u0142uguj\u0105 Ci nast\u0119puj\u0105ce prawa zwi\u0105zane z&nbsp;przetwarzaniem danych osobowych:<\/span><\/p>\n<ul>\n<li><span style=\"font-weight: 400;\">prawo dost\u0119pu do&nbsp;Twoich danych osobowych zgodnie z&nbsp;art. 15 RODO;<\/span><\/li>\n<li><span style=\"font-weight: 400;\">prawo \u017c\u0105dania sprostowania Twoich danych osobowych zgodnie z&nbsp;art. 16 RODO;<\/span><\/li>\n<li><span style=\"font-weight: 400;\">prawo \u017c\u0105dania usuni\u0119cia Twoich danych osobowych zgodnie z&nbsp;art. 17 RODO. Usuni\u0119cie tych danych jest mo\u017cliwe tylko wtedy, kiedy nie istniej\u0105 podstawy prawne uprawniaj\u0105ce Nas do&nbsp;dalszego ich przetwarzania;<\/span><\/li>\n<li><span style=\"font-weight: 400;\">prawo \u017c\u0105dania ograniczenia przetwarzania Twoich danych osobowych zgodnie z&nbsp;art. 18 RODO;<\/span><\/li>\n<li><span style=\"font-weight: 400;\">prawo do&nbsp;wycofania zgody zgodnie z&nbsp;art. 7 RODO. Masz prawo wycofania zgody na&nbsp;przetwarzanie danych w&nbsp;dowolnym momencie, przy&nbsp;czym nie ma to wp\u0142ywu na&nbsp;zgodno\u015b\u0107 z&nbsp;prawem przetwarzania, kt\u00f3rego dokonano na&nbsp;podstawie Twojej zgody przed jej wycofaniem.<\/span><\/li>\n<\/ul>\n<p><span style=\"font-weight: 400;\">Aby&nbsp;skorzysta\u0107 z&nbsp;powy\u017cszych praw, skontaktuj si\u0119 z&nbsp;nami.<\/span><\/p>\n<p><span style=\"font-weight: 400;\">Prawo wniesienia skargi do&nbsp;organu<\/span><\/p>\n<p><span style=\"font-weight: 400;\">Przys\u0142uguje Ci tak\u017ce prawo wniesienia skargi do&nbsp;organu nadzorczego zajmuj\u0105cego si\u0119 ochron\u0105 danych osobowych, tj. Prezesa Urz\u0119du Ochrony Danych Osobowych, ul. Stawki 2 00-193 Warszawa.<\/span><\/p>\n<p><strong>KANDYDACI DO&nbsp;PRACY (UMOWA O&nbsp;PRAC\u0118, ZLECENIE, DZIE\u0141O)<\/strong><\/p>\n<ol>\n<li><span style=\"font-weight: 400;\"> Administrator danych osobowych<\/span><\/li>\n<\/ol>\n<p><span style=\"font-weight: 400;\">Administratorem Twoich danych osobowych b\u0119dzie Fundacja Europejskie Centrum Czystego Powietrza z&nbsp;siedzib\u0105 w&nbsp;Krakowie (dalej: my). Mo\u017cesz si\u0119 z&nbsp;nami skontaktowa\u0107 w&nbsp;nast\u0119puj\u0105cy spos\u00f3b:<\/span><\/p>\n<ul>\n<li><span style=\"font-weight: 400;\">listownie na&nbsp;adres: ul. Karmelicka 14\/5, 31-128 Krak\u00f3w<\/span><\/li>\n<li><span style=\"font-weight: 400;\">przez&nbsp;e-mail: office@cleanaircentre.eu<\/span><\/li>\n<\/ul>\n<ol start=\"2\">\n<li><span style=\"font-weight: 400;\"> Cele przetwarzania oraz&nbsp;podstawa prawna przetwarzania<\/span><\/li>\n<\/ol>\n<p><span style=\"font-weight: 400;\">B\u0119dziemy przetwarza\u0107 Twoje dane osobowe, aby:<\/span><\/p>\n<ul>\n<li><span style=\"font-weight: 400;\">oceni\u0107 Twoje kwalifikacje do&nbsp;pracy na&nbsp;stanowisku, na&nbsp;kt\u00f3re aplikujesz;<\/span><\/li>\n<li><span style=\"font-weight: 400;\">oceni\u0107 Twoje zdolno\u015bci i&nbsp;umiej\u0119tno\u015bci potrzebne do&nbsp;pracy na&nbsp;stanowisku, na&nbsp;kt\u00f3re aplikujesz;<\/span><\/li>\n<li><span style=\"font-weight: 400;\">wybra\u0107 odpowiedni\u0105 osob\u0119 do&nbsp;pracy u&nbsp;nas.<\/span><\/li>\n<\/ul>\n<p><span style=\"font-weight: 400;\">Podstaw\u0105 prawn\u0105 przetwarzania Twoich danych osobowych jest:<\/span><\/p>\n<ul>\n<li><span style=\"font-weight: 400;\">w&nbsp;przypadku umowy o&nbsp;prac\u0119: art. 221 Kodeksu pracy. Dodatkowe i&nbsp;niewymagane przez&nbsp;nas i&nbsp;prawo dane (np. wizerunek, informacje o&nbsp;Twoich zainteresowaniach itp.), kt\u00f3re nam prze\u015blesz, przetwarzamy na&nbsp;podstawie Twojej zgody.<\/span><\/li>\n<li><span style=\"font-weight: 400;\">w&nbsp;przypadku um\u00f3w cywilnoprawnych (umowa zlecenia, o&nbsp;dzie\u0142o): Twoja zgoda na&nbsp;przetwarzanie danych przekazanych podczas rekrutacji.<\/span><\/li>\n<\/ul>\n<ol start=\"3\">\n<li><span style=\"font-weight: 400;\"> Okres przechowywania danych osobowych<\/span><\/li>\n<\/ol>\n<p><span style=\"font-weight: 400;\">B\u0119dziemy przechowywa\u0107 Twoje dane osobowe do&nbsp;momentu zako\u0144czenia rekrutacji na&nbsp;stanowisko, na&nbsp;kt\u00f3re aplikujesz. Po&nbsp;tym momencie zostan\u0105 one usuni\u0119te zar\u00f3wno przez&nbsp;nas, jak i&nbsp;przez wszystkie podmioty przetwarzaj\u0105ce, kt\u00f3rym je przekazali\u015bmy.<\/span><\/p>\n<ol start=\"4\">\n<li><span style=\"font-weight: 400;\"> Odbiorcy danych<\/span><\/li>\n<\/ol>\n<p><span style=\"font-weight: 400;\">B\u0119dziemy przekazywa\u0107 Twoje dane osobowe wy\u0142\u0105cznie:<\/span><\/p>\n<p><span style=\"font-weight: 400;\">naszym dostawcom, kt\u00f3rym zlecimy us\u0142ugi zwi\u0105zane z&nbsp;przetwarzaniem danych osobowych, np.&nbsp;dostawcom us\u0142ug IT, w&nbsp;zakresie przechowywania danych. Takie przetwarzaj\u0105 dane na&nbsp;podstawie umowy z&nbsp;nami i&nbsp;tylko zgodnie z&nbsp;naszymi poleceniami.<\/span><\/p>\n<p><span style=\"font-weight: 400;\">Twoje dane osobowe przechowujemy na&nbsp;serwerach znajduj\u0105cych si\u0119 na&nbsp;terenie Unii Europejskiej i&nbsp;nie przekazujemy ich poza jej granice.<\/span><\/p>\n<ol start=\"5\">\n<li><span style=\"font-weight: 400;\"> Twoje prawa<\/span><\/li>\n<\/ol>\n<p><span style=\"font-weight: 400;\">Przys\u0142uguj\u0105 Ci nast\u0119puj\u0105ce prawa zwi\u0105zane z&nbsp;przetwarzaniem danych osobowych:<\/span><\/p>\n<ul>\n<li><span style=\"font-weight: 400;\">prawo dost\u0119pu do&nbsp;Twoich danych osobowych zgodnie z&nbsp;art. 15 RODO;<\/span><\/li>\n<li><span style=\"font-weight: 400;\">prawo \u017c\u0105dania sprostowania Twoich danych osobowych zgodnie z&nbsp;art. 16 RODO;<\/span><\/li>\n<li><span style=\"font-weight: 400;\">prawo \u017c\u0105dania usuni\u0119cia Twoich danych osobowych zgodnie z&nbsp;art. 17 RODO. Usuni\u0119cie tych danych jest mo\u017cliwe tylko wtedy, kiedy nie istniej\u0105 podstawy prawne uprawniaj\u0105ce Nas do&nbsp;dalszego ich przetwarzania;<\/span><\/li>\n<li><span style=\"font-weight: 400;\">prawo \u017c\u0105dania ograniczenia przetwarzania Twoich danych osobowych zgodnie z&nbsp;art. 18 RODO;<\/span><\/li>\n<li><span style=\"font-weight: 400;\">prawo do&nbsp;wycofania zgody zgodnie z&nbsp;art. 7 RODO. Masz prawo wycofania zgody na&nbsp;przetwarzanie danych w&nbsp;dowolnym momencie, przy&nbsp;czym nie ma to wp\u0142ywu na&nbsp;zgodno\u015b\u0107 z&nbsp;prawem przetwarzania, kt\u00f3rego dokonano na&nbsp;podstawie Twojej zgody przed jej wycofaniem.<\/span><\/li>\n<\/ul>\n<p><span style=\"font-weight: 400;\">Aby&nbsp;skorzysta\u0107 z&nbsp;powy\u017cszych praw, skontaktuj si\u0119 z&nbsp;nami.<\/span><\/p>\n<p><span style=\"font-weight: 400;\">Prawo wniesienia skargi do&nbsp;organu<\/span><\/p>\n<p><span style=\"font-weight: 400;\">Przys\u0142uguje Ci tak\u017ce prawo wniesienia skargi do&nbsp;organu nadzorczego zajmuj\u0105cego si\u0119 ochron\u0105 danych osobowych, tj. Prezesa Urz\u0119du Ochrony Danych Osobowych, ul. Stawki 2 00-193 Warszawa.<\/span><\/p>\n<p><strong>Cookies<\/strong><\/p>\n<p><span style=\"font-weight: 400;\">Strona u\u017cywa plik\u00f3w cookies, by dostosowa\u0107 serwis do&nbsp;potrzeb u\u017cytkownik\u00f3w oraz&nbsp;w&nbsp;celach statystycznych. Cookies to niewielkie pliki tekstowe wysy\u0142ane przez&nbsp;serwis internetowy do&nbsp;urz\u0105dzenia internauty. Pliki cookies mog\u0105 by\u0107 r\u00f3wnie\u017c u\u017cywane przez&nbsp;serwisy, do&nbsp;kt\u00f3rych si\u0119 odwo\u0142ujemy, pokazuj\u0105c np.&nbsp;multimedia. Z&nbsp;uwagi na&nbsp;ograniczenia techniczne nie mamy mo\u017cliwo\u015bci zidentyfikowania naszych u\u017cytkownik\u00f3w na&nbsp;podstawie plik\u00f3w cookies i&nbsp;adres\u00f3w IP, i&nbsp;nie gromadzimy danych w&nbsp;celu takiej identyfikacji.<\/span><\/p>\n<p><span style=\"font-weight: 400;\">Strona stosuje pliki cookies wydajno\u015bciowe, czyli&nbsp;s\u0142u\u017c\u0105ce do&nbsp;zbierania informacji o&nbsp;sposobie korzystania ze strony, by lepiej dzia\u0142a\u0142a, oraz&nbsp;funkcjonalne, czyli&nbsp;pozwalaj\u0105ce \u201epami\u0119ta\u0107\u201d o&nbsp;ustawieniach u\u017cytkownika (np. j\u0119zyk, rozmiar czcionki). Stosowane pliki cookies to m.in.:<\/span><\/p>\n<p><span style=\"font-weight: 400;\">\u2013 cookies sesyjne, wygasaj\u0105ce po&nbsp;zako\u0144czeniu sesji;<\/span><\/p>\n<p><span style=\"font-weight: 400;\">\u2013 cookies na&nbsp;oznaczenie, \u017ce&nbsp;zaakceptowano polityk\u0119 prywatno\u015bci.<\/span><\/p>\n<p><span style=\"font-weight: 400;\">W&nbsp;ka\u017cdej przegl\u0105darce internetowej mo\u017cna zmieni\u0107 ustawienia dotycz\u0105ce plik\u00f3w cookies, a&nbsp;nawet je ca\u0142kowicie zablokowa\u0107. Zwi\u0119ksza to poziom bezpiecze\u0144stwa i&nbsp;ochrony danych, ale&nbsp;jednocze\u015bnie mo\u017ce utrudni\u0107, a&nbsp;nawet uniemo\u017cliwia\u0107 korzystanie z&nbsp;niekt\u00f3rych funkcjonalno\u015bci strony.<\/span><\/p>\t\t\t\t\t\t\t\t<\/div>\n\t\t\t\t<\/div>\n\t\t\t\t\t<\/div>\n\t\t\t\t<\/div>\n\t\t\t\t<\/div>","protected":false},"excerpt":{"rendered":"<p>25 maja 2018 roku wesz\u0142o w&nbsp;\u017cycie europejskie rozporz\u0105dzenie dotycz\u0105ce ochrony danych osobowych (Rozporz\u0105dzenie Parlamentu Europejskiego i&nbsp;Rady (UE) 2016\/679 z&nbsp;dnia 27.04.2016r. w&nbsp;sprawie ochrony os\u00f3b fizycznych w&nbsp;zwi\u0105zku z&nbsp;przetwarzaniem danych osobowych i&nbsp;w sprawie swobodnego przep\u0142ywu takich danych oraz&nbsp;uchylenia dyrektywy 95\/46\/WE, \u201eRODO\u201d) w&nbsp;zwi\u0105zku z&nbsp;czym chcieliby\u015bmy Pa\u0144stwa zapewni\u0107, \u017ce&nbsp;przetwarzane przez&nbsp;nas dane osobowe s\u0105 bezpieczne oraz&nbsp;poinformowa\u0107 o&nbsp;przys\u0142uguj\u0105cych Pa\u0144stwu uprawnieniach. Na&nbsp;tej stronie [&hellip;]<\/p>\n","protected":false},"author":1,"featured_media":0,"parent":0,"menu_order":0,"comment_status":"closed","ping_status":"closed","template":"","meta":{"_acf_changed":false,"inline_featured_image":false,"site-sidebar-layout":"default","site-content-layout":"","ast-site-content-layout":"default","site-content-style":"default","site-sidebar-style":"default","ast-global-header-display":"","ast-banner-title-visibility":"","ast-main-header-display":"","ast-hfb-above-header-display":"","ast-hfb-below-header-display":"","ast-hfb-mobile-header-display":"","site-post-title":"","ast-breadcrumbs-content":"","ast-featured-img":"","footer-sml-layout":"","ast-disable-related-posts":"","theme-transparent-header-meta":"","adv-header-id-meta":"","stick-header-meta":"","header-above-stick-meta":"","header-main-stick-meta":"","header-below-stick-meta":"","astra-migrate-meta-layouts":"default","ast-page-background-enabled":"default","ast-page-background-meta":{"desktop":{"background-color":"var(--ast-global-color-4)","background-image":"","background-repeat":"repeat","background-position":"center center","background-size":"auto","background-attachment":"scroll","background-type":"","background-media":"","overlay-type":"","overlay-color":"","overlay-opacity":"","overlay-gradient":""},"tablet":{"background-color":"","background-image":"","background-repeat":"repeat","background-position":"center center","background-size":"auto","background-attachment":"scroll","background-type":"","background-media":"","overlay-type":"","overlay-color":"","overlay-opacity":"","overlay-gradient":""},"mobile":{"background-color":"","background-image":"","background-repeat":"repeat","background-position":"center center","background-size":"auto","background-attachment":"scroll","background-type":"","background-media":"","overlay-type":"","overlay-color":"","overlay-opacity":"","overlay-gradient":""}},"ast-content-background-meta":{"desktop":{"background-color":"var(--ast-global-color-5)","background-image":"","background-repeat":"repeat","background-position":"center center","background-size":"auto","background-attachment":"scroll","background-type":"","background-media":"","overlay-type":"","overlay-color":"","overlay-opacity":"","overlay-gradient":""},"tablet":{"background-color":"var(--ast-global-color-5)","background-image":"","background-repeat":"repeat","background-position":"center center","background-size":"auto","background-attachment":"scroll","background-type":"","background-media":"","overlay-type":"","overlay-color":"","overlay-opacity":"","overlay-gradient":""},"mobile":{"background-color":"var(--ast-global-color-5)","background-image":"","background-repeat":"repeat","background-position":"center center","background-size":"auto","background-attachment":"scroll","background-type":"","background-media":"","overlay-type":"","overlay-color":"","overlay-opacity":"","overlay-gradient":""}},"footnotes":""},"class_list":["post-3","page","type-page","status-publish","hentry"],"acf":[],"_links":{"self":[{"href":"https:\/\/cleanaircentre.eu\/en\/wp-json\/wp\/v2\/pages\/3","targetHints":{"allow":["GET"]}}],"collection":[{"href":"https:\/\/cleanaircentre.eu\/en\/wp-json\/wp\/v2\/pages"}],"about":[{"href":"https:\/\/cleanaircentre.eu\/en\/wp-json\/wp\/v2\/types\/page"}],"author":[{"embeddable":true,"href":"https:\/\/cleanaircentre.eu\/en\/wp-json\/wp\/v2\/users\/1"}],"replies":[{"embeddable":true,"href":"https:\/\/cleanaircentre.eu\/en\/wp-json\/wp\/v2\/comments?post=3"}],"version-history":[{"count":8,"href":"https:\/\/cleanaircentre.eu\/en\/wp-json\/wp\/v2\/pages\/3\/revisions"}],"predecessor-version":[{"id":1382,"href":"https:\/\/cleanaircentre.eu\/en\/wp-json\/wp\/v2\/pages\/3\/revisions\/1382"}],"wp:attachment":[{"href":"https:\/\/cleanaircentre.eu\/en\/wp-json\/wp\/v2\/media?parent=3"}],"curies":[{"name":"wp","href":"https:\/\/api.w.org\/{rel}","templated":true}]}}